{"id":5917,"date":"2023-11-23T19:03:48","date_gmt":"2023-11-23T19:03:48","guid":{"rendered":"https:\/\/solarnet.lv\/?post_type=product&#038;p=5917"},"modified":"2023-11-23T19:04:00","modified_gmt":"2023-11-23T19:04:00","slug":"mersen-hp10m-15a-drosinatajs","status":"publish","type":"product","link":"https:\/\/solarnet.lv\/?product=mersen-hp10m-15a-drosinatajs","title":{"rendered":"Mersen HP10M 15A dro\u0161in\u0101t\u0101js"},"content":{"rendered":"<p>The Mersen HP10M photovoltaic fuses are a series designed to protect photovoltaic modules from back currents. The HP10M fuses are designed for a low switching capacity of 1.35 of rated current to safely break the circuit under typical low overload current of photovoltaic systems.<\/p>\n<p>Overcurrent protection<\/p>\n<p>PV systems consisting of three or more rows of solar panels connected in parallel must be protected in each row with a suitable gPV fuse. PV systems with less than 3 rows of solar panels do not generate such surges that could damage solar cables or panels. Usually 2 gPV fuses (+ and &#8211; poles) are used to protect against overcurrent in cables and solar panels in one row of solar panels. In case of damage, the fuses cut off the damaged row of solar panels. Other rows of PV panels can continue to generate electricity.<\/p>\n<p>Features and benefits<\/p>\n<p>Low fault current interrupting capability<br \/>\nDurable construction for enhanced system longevity<br \/>\nTemperature cycle withstand capability<br \/>\nGuaranteed operation at temperature extremes<br \/>\nIndustry\u2019s first UL Listed Solution<br \/>\nGlobally accepted<br \/>\nApplications<\/p>\n<p>All photovoltaic applications<br \/>\nPV string\/array level protection<br \/>\nCombiner box applications<br \/>\nIn-line PV module protection<br \/>\nInverters<br \/>\nBattery charge controllers<\/p>\n","protected":false},"excerpt":{"rendered":"<p>The Mersen HP10M photovoltaic fuses are a series designed to protect photovoltaic modules from back currents. The HP10M fuses are designed for a low switching capacity of 1.35 of rated current to safely break the circuit under typical low overload current of photovoltaic systems. Overcurrent protection PV systems consisting of three or more rows of &hellip;<\/p>\n<p class=\"read-more\"> <a class=\"\" href=\"https:\/\/solarnet.lv\/?product=mersen-hp10m-15a-drosinatajs\"> <span class=\"screen-reader-text\">Mersen HP10M 15A dro\u0161in\u0101t\u0101js<\/span> Read More &raquo;<\/a><\/p>\n","protected":false},"featured_media":5919,"comment_status":"open","ping_status":"closed","template":"","meta":{"site-sidebar-layout":"default","site-content-layout":"default","ast-global-header-display":"","ast-main-header-display":"","ast-hfb-above-header-display":"","ast-hfb-below-header-display":"","ast-hfb-mobile-header-display":"","site-post-title":"","ast-breadcrumbs-content":"","ast-featured-img":"","footer-sml-layout":"","theme-transparent-header-meta":"default","adv-header-id-meta":"","stick-header-meta":"","header-above-stick-meta":"","header-main-stick-meta":"","header-below-stick-meta":""},"product_cat":[37],"product_tag":[],"jetpack_sharing_enabled":true,"_links":{"self":[{"href":"https:\/\/solarnet.lv\/index.php?rest_route=\/wp\/v2\/product\/5917"}],"collection":[{"href":"https:\/\/solarnet.lv\/index.php?rest_route=\/wp\/v2\/product"}],"about":[{"href":"https:\/\/solarnet.lv\/index.php?rest_route=\/wp\/v2\/types\/product"}],"replies":[{"embeddable":true,"href":"https:\/\/solarnet.lv\/index.php?rest_route=%2Fwp%2Fv2%2Fcomments&post=5917"}],"wp:featuredmedia":[{"embeddable":true,"href":"https:\/\/solarnet.lv\/index.php?rest_route=\/wp\/v2\/media\/5919"}],"wp:attachment":[{"href":"https:\/\/solarnet.lv\/index.php?rest_route=%2Fwp%2Fv2%2Fmedia&parent=5917"}],"wp:term":[{"taxonomy":"product_cat","embeddable":true,"href":"https:\/\/solarnet.lv\/index.php?rest_route=%2Fwp%2Fv2%2Fproduct_cat&post=5917"},{"taxonomy":"product_tag","embeddable":true,"href":"https:\/\/solarnet.lv\/index.php?rest_route=%2Fwp%2Fv2%2Fproduct_tag&post=5917"}],"curies":[{"name":"wp","href":"https:\/\/api.w.org\/{rel}","templated":true}]}}