{"id":5884,"date":"2023-11-23T17:01:51","date_gmt":"2023-11-23T17:01:51","guid":{"rendered":"https:\/\/solarnet.lv\/?post_type=product&#038;p=5884"},"modified":"2023-11-23T18:59:45","modified_gmt":"2023-11-23T18:59:45","slug":"huawei-high-current-inverter-sun2000-12ktl-m2","status":"publish","type":"product","link":"https:\/\/solarnet.lv\/?product=huawei-high-current-inverter-sun2000-12ktl-m2","title":{"rendered":"Huawei High Current Inverter SUN2000-12KTL-M2"},"content":{"rendered":"<p>Tehnisk\u0101s deta\u013cas<br \/>\nBruto svars 35 kg<br \/>\nNeto svars 30 kg<br \/>\nES efektivit\u0101te 98.00 %<br \/>\nT\u012bkla savienojums 3 f\u0101zes<br \/>\nMaks. Efektivit\u0101te 98.50 %<br \/>\nMPPT skaits 2<br \/>\nMaksim\u0101l\u0101 jauda (DC) 18000 Wp<br \/>\nNomin\u0101l\u0101 jauda (AC) 12000 W<br \/>\nProducer product name SUN2000-12KTL-M2<br \/>\nProducer product family High Current Inverter <\/p>\n","protected":false},"excerpt":{"rendered":"<p>Tehnisk\u0101s deta\u013cas Bruto svars 35 kg Neto svars 30 kg ES efektivit\u0101te 98.00 % T\u012bkla savienojums 3 f\u0101zes Maks. Efektivit\u0101te 98.50 % MPPT skaits 2 Maksim\u0101l\u0101 jauda (DC) 18000 Wp Nomin\u0101l\u0101 jauda (AC) 12000 W Producer product name SUN2000-12KTL-M2 Producer product family High Current Inverter<\/p>\n","protected":false},"featured_media":5836,"comment_status":"open","ping_status":"closed","template":"","meta":{"site-sidebar-layout":"default","site-content-layout":"default","ast-global-header-display":"","ast-main-header-display":"","ast-hfb-above-header-display":"","ast-hfb-below-header-display":"","ast-hfb-mobile-header-display":"","site-post-title":"","ast-breadcrumbs-content":"","ast-featured-img":"","footer-sml-layout":"","theme-transparent-header-meta":"default","adv-header-id-meta":"","stick-header-meta":"","header-above-stick-meta":"","header-main-stick-meta":"","header-below-stick-meta":""},"product_cat":[27],"product_tag":[],"jetpack_sharing_enabled":true,"_links":{"self":[{"href":"https:\/\/solarnet.lv\/index.php?rest_route=\/wp\/v2\/product\/5884"}],"collection":[{"href":"https:\/\/solarnet.lv\/index.php?rest_route=\/wp\/v2\/product"}],"about":[{"href":"https:\/\/solarnet.lv\/index.php?rest_route=\/wp\/v2\/types\/product"}],"replies":[{"embeddable":true,"href":"https:\/\/solarnet.lv\/index.php?rest_route=%2Fwp%2Fv2%2Fcomments&post=5884"}],"wp:featuredmedia":[{"embeddable":true,"href":"https:\/\/solarnet.lv\/index.php?rest_route=\/wp\/v2\/media\/5836"}],"wp:attachment":[{"href":"https:\/\/solarnet.lv\/index.php?rest_route=%2Fwp%2Fv2%2Fmedia&parent=5884"}],"wp:term":[{"taxonomy":"product_cat","embeddable":true,"href":"https:\/\/solarnet.lv\/index.php?rest_route=%2Fwp%2Fv2%2Fproduct_cat&post=5884"},{"taxonomy":"product_tag","embeddable":true,"href":"https:\/\/solarnet.lv\/index.php?rest_route=%2Fwp%2Fv2%2Fproduct_tag&post=5884"}],"curies":[{"name":"wp","href":"https:\/\/api.w.org\/{rel}","templated":true}]}}