{"id":5746,"date":"2023-03-05T17:14:53","date_gmt":"2023-03-05T17:14:53","guid":{"rendered":"https:\/\/solarnet.lv\/?post_type=product&#038;p=5746"},"modified":"2024-06-06T08:41:14","modified_gmt":"2024-06-06T08:41:14","slug":"trina-vertex-s-425w-black-frame-1762x1134x30mm","status":"publish","type":"product","link":"https:\/\/solarnet.lv\/?product=trina-vertex-s-425w-black-frame-1762x1134x30mm","title":{"rendered":"Trina Solar Vertex S TSM-425 DE09R.08, 425W, Monocristalline, 1762x1134x30mm"},"content":{"rendered":"<p><a href=\"http:\/\/solarnet.lv\/wp-content\/uploads\/2023\/03\/VertexS_DE09R.08_EN_2022.pdf\">Produkta apraksts VertexS_DE09R.08<\/a><\/p>\n<p>Tehnisk\u0101s deta\u013cas<\/p>\n<p>\u0160\u016bnu skaits 144<br \/>\nModu\u013ca svars 21,8 kg<br \/>\nJ-Box IP 68<br \/>\nKonektora veids MC4 EVO2<br \/>\nModu\u013ca izm\u0113ri 1762x1134x30 mm<br \/>\nAugst\u0101k\u0101 jauda 425 W<br \/>\nProducer product name VERTEX S TSM-DE09R.08 P-Type<br \/>\nEner\u0123ijas p\u0101rvald\u012bba<br \/>\nEfektivit\u0101te 21.3 %<br \/>\n\u012assl\u0113guma str\u0101va &#8211; ISC 10.74 A<br \/>\nMaksim\u0101lais jaudas spriegums 41.5 V<br \/>\nAtv\u0113rt\u0101s \u0137\u0113des spriegums &#8211; VOC 49.9 V<br \/>\nJaudas tolerance 0\/+5 W<br \/>\nGarantija<br \/>\nIkgad\u0113j\u0101 jaudas samazin\u0101\u0161an\u0101s 0.55 %<br \/>\nJaudas garantija 25 gads(i)<br \/>\nIzstr\u0101d\u0101juma ra\u017eo\u0161anas garantija 15 gads(i)<br \/>\nPirm\u0101 gada degrad\u0101cija 2 %<br \/>\nPalette Qty 36 pcs<\/p>\n","protected":false},"excerpt":{"rendered":"<table>\n<tbody>\n<tr>\n<td>Ra\u017eot\u0101js<\/td>\n<td>Trina Solar<\/td>\n<\/tr>\n<tr>\n<td>Maksim\u0101l\u0101 jauda<\/td>\n<td>425 W<\/td>\n<\/tr>\n<tr>\n<td>Spriegums tuk\u0161gait\u0101<\/td>\n<td>50.2 V<\/td>\n<\/tr>\n<tr>\n<td>Svars<\/td>\n<td>28.6 kg<\/td>\n<\/tr>\n<tr>\n<td>Ar piesl\u0113g\u0161anas kabeli<\/td>\n<td>J\u0101<\/td>\n<\/tr>\n<tr>\n<td>Modu\u013ca efektivit\u0101tes faktors<\/td>\n<td>21.8%<\/td>\n<\/tr>\n<tr>\n<td>Elementu skaits<\/td>\n<td>144<\/td>\n<\/tr>\n<tr>\n<td>Elementu tips<\/td>\n<td>Monokrist\u0101lisks<\/td>\n<\/tr>\n<tr>\n<td>R\u0101mis<\/td>\n<td>J\u0101<\/td>\n<\/tr>\n<\/tbody>\n<\/table>\n","protected":false},"featured_media":5748,"comment_status":"open","ping_status":"closed","template":"","meta":{"site-sidebar-layout":"default","site-content-layout":"default","ast-global-header-display":"","ast-main-header-display":"","ast-hfb-above-header-display":"","ast-hfb-below-header-display":"","ast-hfb-mobile-header-display":"","site-post-title":"","ast-breadcrumbs-content":"","ast-featured-img":"","footer-sml-layout":"","theme-transparent-header-meta":"default","adv-header-id-meta":"","stick-header-meta":"","header-above-stick-meta":"","header-main-stick-meta":"","header-below-stick-meta":""},"product_cat":[26],"product_tag":[],"jetpack_sharing_enabled":true,"_links":{"self":[{"href":"https:\/\/solarnet.lv\/index.php?rest_route=\/wp\/v2\/product\/5746"}],"collection":[{"href":"https:\/\/solarnet.lv\/index.php?rest_route=\/wp\/v2\/product"}],"about":[{"href":"https:\/\/solarnet.lv\/index.php?rest_route=\/wp\/v2\/types\/product"}],"replies":[{"embeddable":true,"href":"https:\/\/solarnet.lv\/index.php?rest_route=%2Fwp%2Fv2%2Fcomments&post=5746"}],"wp:featuredmedia":[{"embeddable":true,"href":"https:\/\/solarnet.lv\/index.php?rest_route=\/wp\/v2\/media\/5748"}],"wp:attachment":[{"href":"https:\/\/solarnet.lv\/index.php?rest_route=%2Fwp%2Fv2%2Fmedia&parent=5746"}],"wp:term":[{"taxonomy":"product_cat","embeddable":true,"href":"https:\/\/solarnet.lv\/index.php?rest_route=%2Fwp%2Fv2%2Fproduct_cat&post=5746"},{"taxonomy":"product_tag","embeddable":true,"href":"https:\/\/solarnet.lv\/index.php?rest_route=%2Fwp%2Fv2%2Fproduct_tag&post=5746"}],"curies":[{"name":"wp","href":"https:\/\/api.w.org\/{rel}","templated":true}]}}