{"id":5720,"date":"2023-11-23T17:17:46","date_gmt":"2023-11-23T17:17:46","guid":{"rendered":"https:\/\/solarnet.lv\/?post_type=product&#038;p=5720"},"modified":"2023-11-23T18:59:21","modified_gmt":"2023-11-23T18:59:21","slug":"huawei-hybrid-high-current-inverter-sun2000-10ktl-m1","status":"publish","type":"product","link":"https:\/\/solarnet.lv\/?product=huawei-hybrid-high-current-inverter-sun2000-10ktl-m1","title":{"rendered":"Huawei Hybrid High Current Inverter SUN2000-10KTL-M1"},"content":{"rendered":"<p>Tehnisk\u0101s deta\u013cas<br \/>\nBruto svars 25 kg<br \/>\nNeto svars 21 kg<br \/>\nES efektivit\u0101te 98.1 %<br \/>\nT\u012bkla pievienojums 3 f\u0101zes<br \/>\nMaks. efektivit\u0101te 98.6 %<br \/>\nProducer product name SUN2000-10KTL-M1<br \/>\nProducer product family Hybrid High Current Inverter<br \/>\nMPPT skaits 2<br \/>\nMaksim\u0101l\u0101 jauda (DC) 15000 Wp <\/p>\n","protected":false},"excerpt":{"rendered":"<p>Tehnisk\u0101s deta\u013cas Bruto svars 25 kg Neto svars 21 kg ES efektivit\u0101te 98.1 % T\u012bkla pievienojums 3 f\u0101zes Maks. efektivit\u0101te 98.6 % Producer product name SUN2000-10KTL-M1 Producer product family Hybrid High Current Inverter MPPT skaits 2 Maksim\u0101l\u0101 jauda (DC) 15000 Wp<\/p>\n","protected":false},"featured_media":5836,"comment_status":"open","ping_status":"closed","template":"","meta":{"site-sidebar-layout":"default","site-content-layout":"default","ast-global-header-display":"","ast-main-header-display":"","ast-hfb-above-header-display":"","ast-hfb-below-header-display":"","ast-hfb-mobile-header-display":"","site-post-title":"","ast-breadcrumbs-content":"","ast-featured-img":"","footer-sml-layout":"","theme-transparent-header-meta":"default","adv-header-id-meta":"","stick-header-meta":"","header-above-stick-meta":"","header-main-stick-meta":"","header-below-stick-meta":""},"product_cat":[27],"product_tag":[],"jetpack_sharing_enabled":true,"_links":{"self":[{"href":"https:\/\/solarnet.lv\/index.php?rest_route=\/wp\/v2\/product\/5720"}],"collection":[{"href":"https:\/\/solarnet.lv\/index.php?rest_route=\/wp\/v2\/product"}],"about":[{"href":"https:\/\/solarnet.lv\/index.php?rest_route=\/wp\/v2\/types\/product"}],"replies":[{"embeddable":true,"href":"https:\/\/solarnet.lv\/index.php?rest_route=%2Fwp%2Fv2%2Fcomments&post=5720"}],"wp:featuredmedia":[{"embeddable":true,"href":"https:\/\/solarnet.lv\/index.php?rest_route=\/wp\/v2\/media\/5836"}],"wp:attachment":[{"href":"https:\/\/solarnet.lv\/index.php?rest_route=%2Fwp%2Fv2%2Fmedia&parent=5720"}],"wp:term":[{"taxonomy":"product_cat","embeddable":true,"href":"https:\/\/solarnet.lv\/index.php?rest_route=%2Fwp%2Fv2%2Fproduct_cat&post=5720"},{"taxonomy":"product_tag","embeddable":true,"href":"https:\/\/solarnet.lv\/index.php?rest_route=%2Fwp%2Fv2%2Fproduct_tag&post=5720"}],"curies":[{"name":"wp","href":"https:\/\/api.w.org\/{rel}","templated":true}]}}